{"id":84,"date":"2022-03-16T12:40:42","date_gmt":"2022-03-16T12:40:42","guid":{"rendered":"https:\/\/www.antibrumm.ch\/?page_id=84"},"modified":"2025-03-28T14:10:05","modified_gmt":"2025-03-28T14:10:05","slug":"cookie-policy","status":"publish","type":"page","link":"https:\/\/www.antibrumm.ch\/it\/cookie-policy\/","title":{"rendered":"Cookie Policy"},"content":{"rendered":"<style>.wp-block-kadence-advancedheading.kt-adv-heading84_541510-64, .wp-block-kadence-advancedheading.kt-adv-heading84_541510-64[data-kb-block=\"kb-adv-heading84_541510-64\"]{font-style:normal;}.wp-block-kadence-advancedheading.kt-adv-heading84_541510-64 mark.kt-highlight, .wp-block-kadence-advancedheading.kt-adv-heading84_541510-64[data-kb-block=\"kb-adv-heading84_541510-64\"] mark.kt-highlight{font-style:normal;color:#f76a0c;-webkit-box-decoration-break:clone;box-decoration-break:clone;padding-top:0px;padding-right:0px;padding-bottom:0px;padding-left:0px;}.wp-block-kadence-advancedheading.kt-adv-heading84_541510-64 img.kb-inline-image, .wp-block-kadence-advancedheading.kt-adv-heading84_541510-64[data-kb-block=\"kb-adv-heading84_541510-64\"] img.kb-inline-image{width:150px;vertical-align:baseline;}<\/style>\n<h1 class=\"kt-adv-heading84_541510-64 wp-block-kadence-advancedheading\" data-kb-block=\"kb-adv-heading84_541510-64\">Cookie Policy<\/h1>\n\n\n<p><b>Regolamento sulla riservatezza dei dati e sui cookie del sito web<\/b><\/p>\n<p>Questo \u00e8 il regolamento sulla riservatezza dei dati e sui cookie del sito www.verfora.ch (denominato in seguito Sito). Il Sito \u00e8 gestito da VERFORA (denominata in seguito: noi). Ai sensi della Legge federale sulla protezione dei dati, noi siamo il detentore di una collezione di dati.<\/p>\n<p>Ci impegniamo per proteggere la riservatezza dei vostri dati online. Comprendiamo che non desiderate vedere divulgati senza criterio i dati personali che ci fornite. In questa sede vi spieghiamo pertanto con quali modalit\u00e0 raccogliamo le informazioni, a quali fini le utilizziamo e quale controllo potete esercitare.Utilizzando il Sito consentite la raccolta e l\u2019uso di informazioni in conformit\u00e0 al presente Regolamento sulla riservatezza dei dati.<\/p>\n<p>Ci riserviamo il diritto, all\u2019occorrenza, di modificare questo regolamento apportandone i cambiamenti sul Sito. Il Regolamento sulla riservatezza dei dati \u00e8 stato aggiornato l\u2019ultima volta nel gennaio 2016.<\/p>\n<p><b>Informazioni che possiamo raccogliere su di voi<\/b><\/p>\n<p>Possiamo raccogliere ed elaborare le seguenti informazioni su di voi:<\/p>\n<ul>\n<li>informazioni (come nome, indirizzo e-mail, indirizzo postale e numero di telefono) che fornite compilando moduli sul Sito, anche quando vi registrate come utenti del Sito, vi abbonate a un servizio, caricate o trasmettete qualsiasi materiale tramite il Sito, richiedete informazioni o partecipate a un concorso o a una promozione sostenuto\/a da noi;<\/li>\n<li>in relazione a una piattaforma di accesso a un account, i vostri dati di login e la vostra password;<\/li>\n<li>comunicazioni che ci inviate, ad esempio per segnalare un problema o per trasmettere domande, preoccupazioni o commenti riguardanti il Sito o i suoi contenuti;<\/li>\n<li>informazioni provenienti da sondaggi che lanciamo periodicamente sul Sito a scopo di ricerca se decidete di parteciparvi o di rispondervi; e<\/li>\n<li>dati relativi al vostro profilo professionale se ci inviate un CV o altri dettagli riguardanti la vostra carriera professionale in relazione a un\u2019offerta d\u2019impiego pubblicata o a una richiesta d\u2019informazione generale concernente le opportunit\u00e0 d\u2019impiego presso di noi.<\/li>\n<\/ul>\n<p>Non avete alcun obbligo di fornire tali informazioni. Tuttavia, se ci negate le informazioni richieste potremmo non essere in grado di erogarvi determinati servizi.<\/p>\n<p>Non verifichiamo sistematicamente se le informazioni forniteci contengono dati sensibili, riguardanti ad esempio la vostra salute. Di conseguenza, vi consigliamo di non comunicarci mai simili dati.<\/p>\n<p>Quando visitate il Sito, possiamo raccogliere automaticamente informazioni supplementari su di voi, come il tipo di browser Internet che utilizzate, il sito web che avete visitato prima di accedere al Sito e il vostro indirizzo IP (l\u2019indirizzo unico che identifica il vostro computer in Internet), che vengono riconosciute in modo automatico dal nostro server web. Queste informazioni sono utilizzate unicamente per permetterci di fornirvi un servizio efficace sul Sito e raccogliere dati demografici di natura generale da impiegare in forma aggregata.<\/p>\n<p><b>Cookie<\/b><\/p>\n<p>Quando interagite con il Sito, cerchiamo di rendere la vostra esperienza semplice e significativa. Quando visitate il Sito, il nostro server web invia un cookie al vostro computer. I cookie sono piccoli file di testo che vengono inviati al vostro computer quando consultate un sito web. Essi memorizzano e a volte tracciano informazioni riguardanti il vostro utilizzo del Sito. Alcuni cookie che usiamo durano soltanto il tempo della vostra sessione web e scadono quando chiudete il browser. Altri cookie sono impiegati per riconoscervi quando ritornate al Sito e durano pi\u00f9 a lungo.<\/p>\n<p>Utilizziamo i cookie per:<\/p>\n<ul>\n<li>ricordare che avete gi\u00e0 visitato il Sito in precedenza; ci\u00f2 significa che possiamo identificare il numero dei nostri visitatori unici. In tal modo possiamo garantire la capacit\u00e0 ecessaria per il numero di utenti che visitano il Sito;<\/li>\n<li>personalizzare elementi della struttura e\/o del contenuto promozionale delle pagine del Sito; e<\/li>\n<li>raccogliere dati statistici anonimi sulle vostre modalit\u00e0 di utilizzo del Sito (compreso il tempo che vi trascorrete) e sul sito web che avete consultato in precedenza al fine di migliorare il Sito e capire quali parti del medesimo sono maggiormente apprezzate dai visitatori.<\/li>\n<\/ul>\n<p>Alcuni dei cookie usati dal Sito sono creati da noi, altri da terzi che forniscono servizi per nostro conto.<\/p>\n<p>La maggior parte dei browser web accetta automaticamente i cookie ma, se preferite, potete modificare le impostazioni del vostro browser per impedire che ci\u00f2 avvenga oppure per fare in modo che siate avvisati ogni volta che viene creato un cookie. Potete scoprire di pi\u00f9 sui cookie visitando il sito www.allaboutcookies.org che contiene ulteriori informazioni utili al riguardo e spiega come bloccare i cookie con differenti tipi di browser. Tenete tuttavia presente che bloccando o cancellando i cookie utilizzati sul Sito potreste non essere in grado di sfruttare tutte le potenzialit\u00e0 del Sito.<\/p>\n<p><b>I nostri cookie<\/b><\/p>\n<table class=\"responsive\">\n<tbody>\n<tr>\n<td><strong><center>Nome del cookie<\/center><\/strong><\/td>\n<td><strong><center>Scopo<\/center><\/strong><\/td>\n<td><strong><center>Tipo e durata<\/center><\/strong><\/td>\n<\/tr>\n<tr>\n<td><center>\u00abWSESSIONID\u00bb<\/center><\/td>\n<td><center>Un cookie di sessione, anche denominato cookie in memoria o temporaneo, esiste soltanto nella memoria temporanea mentre l\u2019utente naviga nel sito web.<\/center><\/td>\n<td><center>Solo per la durata della sessione<\/center><\/td>\n<\/tr>\n<\/tbody>\n<\/table>\n<p><b>Cookie di terzi<\/b><\/p>\n<table class=\"responsive\">\n<tbody>\n<tr>\n<td><center>Nome del cookie<\/center><\/td>\n<td><center>Tipo e durata<\/center><\/td>\n<td><center>Scopo<\/center><\/td>\n<\/tr>\n<tr>\n<td><center>_ga<\/center><\/td>\n<td><center>2 anni<\/center><\/td>\n<td><center>Cookie usato per distinguere gli utenti.<\/center><\/td>\n<\/tr>\n<tr>\n<td><center>_gid<\/center><\/td>\n<td><center>24 ore<\/center><\/td>\n<td><center>Cookie usato per distinguere gli utenti.<\/center><\/td>\n<\/tr>\n<tr>\n<td><center>_gat_UA-121416394-1<\/center><\/td>\n<td><center>1 minuto<\/center><\/td>\n<td><center>Cookie usato per regolare la velocit\u00e0 della richiesta impostata da Google Analytics.<\/center><\/td>\n<\/tr>\n<\/tbody>\n<\/table>\n<p><b>Utilizzo delle vostre informazioni<\/b><\/p>\n<p>Usiamo le informazioni che ci fornite per:<\/p>\n<ul>\n<li>essere in grado di procurarvi i servizi e le informazioni offerti dal Sito e che richiedete;<\/li>\n<li>amministrare il vostro account presso di noi;<\/li>\n<li>controllare lo scaricamento di dati dal Sito;<\/li>\n<li>migliorare la struttura e\/o il contenuto delle pagine sul Sito e personalizzare le medesime per gli utenti;<\/li>\n<li>identificare i visitatori del Sito;<\/li>\n<li>svolgere ricerche sui dati demografici dei nostri utenti e tracciare i dati di vendita;<\/li>\n<li>inviarvi informazioni che riteniamo possano esservi utili o che ci avete richiesto, comprese informazioni sui nostri prodotti e servizi, a condizione che abbiate acconsentito ad essere contattati a tale scopo.<\/li>\n<\/ul>\n<p>Potete richiederci di non inviarvi informazioni sui nostri prodotti e servizi o su quelli di terzi al momento in cui tali indicazioni sono raccolte sul Sito (selezionando o deselezionando la rispettiva casella in base alle istruzioni) oppure, se non desiderate che continuiamo a utilizzare le vostre informazioni a tale scopo, potete cancellare la registrazione seguendo le apposite istruzioni di cancellazione contenute in tutte le comunicazioni inviatevi. Potete anche esercitare tale diritto in qualsiasi momento contattandoci con le modalit\u00e0 indicate al termine del presente Regolamento sulla riservatezza dei dati.<\/p>\n<p><b>Condivisione di informazioni<\/b><\/p>\n<p>Possiamo divulgare statistiche aggregate sui visitatori del Sito allo scopo di descrivere i nostri servizi a potenziali partner, inserzionisti, sponsor o ad altri terzi affidabili come pure per altri scopi legali, fermo restando che tali statistiche non includeranno alcun dato in grado di consentire l\u2019identificazione personale degli interessati.<\/p>\n<p>Possiamo comunicare i vostri dati personali a qualsiasi nostra societ\u00e0 affiliata o nostro agente o subappaltatore di cui ci avvaliamo per: fornire i servizi proposti attraverso il Sito, elaborare le transazioni, evadere le richieste d\u2019informazione, accogliere e inviare comunicazioni, aggiornare le liste di marketing, analizzare i dati, fornire servizi di supporto o per altri scopi, qualora necessario. I nostri agenti e subappaltatori utilizzeranno i vostri dati soltanto nella misura in cui ci\u00f2 \u00e8 necessario per l\u2019adempimento delle loro funzioni.<\/p>\n<p>Possiamo divulgare i vostri dati personali se la legge lo impone o se riteniamo che ci\u00f2 sia necessario per prevenire frodi o cybercrimini oppure per proteggere il Sito oppure i diritti, la propriet\u00e0 o la sicurezza di qualsiasi persona.<\/p>\n<p><b>Forum pubblici<\/b><\/p>\n<p>All\u2019occorrenza il Sito pu\u00f2 mettere a disposizione dei propri utenti chat room, bacheche, news group e\/o forum pubblici. Considerato che ogni informazione divulgata in queste aree diventa di dominio pubblico, raccomandiamo di adottare prudenza nell\u2019utilizzo di queste piattaforme e di evitare di rivelare dati personali.<\/p>\n<p><b>Link esterni<\/b><\/p>\n<p>Se necessario, il Sito pu\u00f2 contenere link che rinviano a siti esterni. Non siamo responsabili dei regolamenti sulla riservatezza dei dati n\u00e9 del contenuto di tali siti.<\/p>\n<p><b>Sicurezza<\/b><\/p>\n<p>Attribuiamo grande importanza alla sicurezza di tutte le informazioni che permettono di identificare personalmente i nostri utenti. Abbiamo messo in atto misure di sicurezza per prevenire la perdita, l\u2019impiego abusivo e l\u2019alterazione di dati personali posti sotto il nostro controllo. Ad esempio, se necessario i nostri regolamenti sulla sicurezza e sulla riservatezza dei dati sono periodicamente sottoposti a revisione e miglioramento. Inoltre, soltanto il personale autorizzato ha accesso ai dati personali. Sebbene non possiamo impedire in assoluto il verificarsi di una perdita, di un impiego abusivo o di un\u2019alterazione dei dati, compiamo ogni ragionevole sforzo per prevenire simili evenienze.<\/p>\n<p>Vi preghiamo di tenere presente che la trasmissione di informazioni tramite Internet comporta sempre qualche rischio. Non possiamo garantire la sicurezza dei dati che trasmettete tramite il Sito mentre questi transitano su Internet, pertanto effettuate tali trasmissioni a vostro rischio.<\/p>\n<p>Vi consigliamo di chiudere il browser una volta conclusa la sessione utente per impedire che terzi accedano ai vostri dati personali qualora utilizziate un computer condiviso o un computer in un luogo pubblico.<\/p>\n<p><b>Trasferimento di dati all\u2019estero<\/b><\/p>\n<p>I dati che trasmettete tramite il Sito sono inviati a server sicuri ubicati in Svizzera e memorizzati sui medesimi. Questa operazione \u00e8 necessaria per consentire il trattamento dei dati.<\/p>\n<p><b>I vostri diritti<\/b><\/p>\n<p>In virt\u00f9 della Legge federale sulla protezione dei dati avete diritto a una copia di tutti i dati sulla vostra persona che sono in nostro possesso. Avete altres\u00ec il diritto di chiedere la rettifica di qualsiasi eventuale errore presente in tali dati. Come menzionato in precedenza, avete il diritto di impedire l\u2019utilizzo dei vostri dati personali a scopi di direct marketing.<\/p>\n<p><b>Vi ringraziamo per aver visitato il sito web di ANTI-BRUMM<sup>\u00ae<\/sup>. Apprezziamo le vostre idee e l\u2019interesse che dimostrate nei nostri confronti. Se desiderate comunicarci commenti o preoccupazioni in merito all\u2019utilizzo di informazioni fornite a VERFORA SA attraverso un sito Internet, contattateci mediante il modulo di contatto disponibile sul sito.<\/b><\/p>","protected":false},"excerpt":{"rendered":"<p>Cookie Policy Regolamento sulla riservatezza dei dati e sui cookie del sito web Questo \u00e8 il regolamento sulla riservatezza dei dati e sui cookie del sito www.verfora.ch (denominato in seguito Sito). Il Sito \u00e8 gestito da VERFORA (denominata in seguito: noi). Ai sensi della Legge federale sulla protezione dei dati, noi siamo il detentore di&#8230;<\/p>\n","protected":false},"author":1,"featured_media":0,"parent":0,"menu_order":0,"comment_status":"closed","ping_status":"closed","template":"","meta":{"_acf_changed":false,"inline_featured_image":false,"_kad_blocks_custom_css":"","_kad_blocks_head_custom_js":"","_kad_blocks_body_custom_js":"","_kad_blocks_footer_custom_js":"","_kad_post_transparent":"","_kad_post_title":"","_kad_post_layout":"","_kad_post_sidebar_id":"","_kad_post_content_style":"","_kad_post_vertical_padding":"","_kad_post_feature":"","_kad_post_feature_position":"","_kad_post_header":false,"_kad_post_footer":false,"_kad_post_classname":"","footnotes":""},"class_list":["post-84","page","type-page","status-publish","hentry"],"acf":[],"yoast_head":"<!-- This site is optimized with the Yoast SEO plugin v27.4 - https:\/\/yoast.com\/product\/yoast-seo-wordpress\/ -->\n<title>Protezione dei dati und utilizzo dei cookies | ANTI-BRUMM\u00ae<\/title>\n<meta name=\"description\" content=\"Potete leggere l\u2019informativa sulla protezione dei dati e l\u2019utilizzo dei cookie su www.antibrumm.ch.\" \/>\n<meta name=\"robots\" content=\"index, follow, max-snippet:-1, max-image-preview:large, max-video-preview:-1\" \/>\n<link rel=\"canonical\" href=\"https:\/\/www.antibrumm.ch\/it\/cookie-policy\/\" \/>\n<meta property=\"og:locale\" content=\"it_IT\" \/>\n<meta property=\"og:type\" content=\"article\" \/>\n<meta property=\"og:title\" content=\"Protezione dei dati und utilizzo dei cookies | ANTI-BRUMM\u00ae\" \/>\n<meta property=\"og:description\" content=\"Potete leggere l\u2019informativa sulla protezione dei dati e l\u2019utilizzo dei cookie su www.antibrumm.ch.\" \/>\n<meta property=\"og:url\" content=\"https:\/\/www.antibrumm.ch\/it\/cookie-policy\/\" \/>\n<meta property=\"og:site_name\" content=\"antibrumm.ch\" \/>\n<meta property=\"article:modified_time\" content=\"2025-03-28T14:10:05+00:00\" \/>\n<meta name=\"twitter:card\" content=\"summary_large_image\" \/>\n<meta name=\"twitter:label1\" content=\"Tempo di lettura stimato\" \/>\n\t<meta name=\"twitter:data1\" content=\"9 minuti\" \/>\n<script type=\"application\/ld+json\" class=\"yoast-schema-graph\">{\"@context\":\"https:\\\/\\\/schema.org\",\"@graph\":[{\"@type\":\"WebPage\",\"@id\":\"https:\\\/\\\/www.antibrumm.ch\\\/it\\\/cookie-policy\\\/\",\"url\":\"https:\\\/\\\/www.antibrumm.ch\\\/it\\\/cookie-policy\\\/\",\"name\":\"Protezione dei dati und utilizzo dei cookies | ANTI-BRUMM\u00ae\",\"isPartOf\":{\"@id\":\"https:\\\/\\\/www.antibrumm.ch\\\/#website\"},\"datePublished\":\"2022-03-16T12:40:42+00:00\",\"dateModified\":\"2025-03-28T14:10:05+00:00\",\"description\":\"Potete leggere l\u2019informativa sulla protezione dei dati e l\u2019utilizzo dei cookie su www.antibrumm.ch.\",\"breadcrumb\":{\"@id\":\"https:\\\/\\\/www.antibrumm.ch\\\/it\\\/cookie-policy\\\/#breadcrumb\"},\"inLanguage\":\"it-IT\",\"potentialAction\":[{\"@type\":\"ReadAction\",\"target\":[\"https:\\\/\\\/www.antibrumm.ch\\\/it\\\/cookie-policy\\\/\"]}]},{\"@type\":\"BreadcrumbList\",\"@id\":\"https:\\\/\\\/www.antibrumm.ch\\\/it\\\/cookie-policy\\\/#breadcrumb\",\"itemListElement\":[{\"@type\":\"ListItem\",\"position\":1,\"name\":\"Startseite\",\"item\":\"https:\\\/\\\/www.antibrumm.ch\\\/it\\\/\"},{\"@type\":\"ListItem\",\"position\":2,\"name\":\"Cookie Policy\"}]},{\"@type\":\"WebSite\",\"@id\":\"https:\\\/\\\/www.antibrumm.ch\\\/#website\",\"url\":\"https:\\\/\\\/www.antibrumm.ch\\\/\",\"name\":\"antibrumm.ch\",\"description\":\"Just another WordPress site\",\"publisher\":{\"@id\":\"https:\\\/\\\/www.antibrumm.ch\\\/#organization\"},\"potentialAction\":[{\"@type\":\"SearchAction\",\"target\":{\"@type\":\"EntryPoint\",\"urlTemplate\":\"https:\\\/\\\/www.antibrumm.ch\\\/?s={search_term_string}\"},\"query-input\":{\"@type\":\"PropertyValueSpecification\",\"valueRequired\":true,\"valueName\":\"search_term_string\"}}],\"inLanguage\":\"it-IT\"},{\"@type\":\"Organization\",\"@id\":\"https:\\\/\\\/www.antibrumm.ch\\\/#organization\",\"name\":\"antibrumm.ch\",\"url\":\"https:\\\/\\\/www.antibrumm.ch\\\/\",\"logo\":{\"@type\":\"ImageObject\",\"inLanguage\":\"it-IT\",\"@id\":\"https:\\\/\\\/www.antibrumm.ch\\\/#\\\/schema\\\/logo\\\/image\\\/\",\"url\":\"https:\\\/\\\/www.antibrumm.ch\\\/wp-content\\\/uploads\\\/2026\\\/03\\\/20260101_Anti-Brumm-LOGO-CMYK.png\",\"contentUrl\":\"https:\\\/\\\/www.antibrumm.ch\\\/wp-content\\\/uploads\\\/2026\\\/03\\\/20260101_Anti-Brumm-LOGO-CMYK.png\",\"width\":828,\"height\":545,\"caption\":\"antibrumm.ch\"},\"image\":{\"@id\":\"https:\\\/\\\/www.antibrumm.ch\\\/#\\\/schema\\\/logo\\\/image\\\/\"}}]}<\/script>\n<!-- \/ Yoast SEO plugin. -->","yoast_head_json":{"title":"Protezione dei dati und utilizzo dei cookies | ANTI-BRUMM\u00ae","description":"Potete leggere l\u2019informativa sulla protezione dei dati e l\u2019utilizzo dei cookie su www.antibrumm.ch.","robots":{"index":"index","follow":"follow","max-snippet":"max-snippet:-1","max-image-preview":"max-image-preview:large","max-video-preview":"max-video-preview:-1"},"canonical":"https:\/\/www.antibrumm.ch\/it\/cookie-policy\/","og_locale":"it_IT","og_type":"article","og_title":"Protezione dei dati und utilizzo dei cookies | ANTI-BRUMM\u00ae","og_description":"Potete leggere l\u2019informativa sulla protezione dei dati e l\u2019utilizzo dei cookie su www.antibrumm.ch.","og_url":"https:\/\/www.antibrumm.ch\/it\/cookie-policy\/","og_site_name":"antibrumm.ch","article_modified_time":"2025-03-28T14:10:05+00:00","twitter_card":"summary_large_image","twitter_misc":{"Tempo di lettura stimato":"9 minuti"},"schema":{"@context":"https:\/\/schema.org","@graph":[{"@type":"WebPage","@id":"https:\/\/www.antibrumm.ch\/it\/cookie-policy\/","url":"https:\/\/www.antibrumm.ch\/it\/cookie-policy\/","name":"Protezione dei dati und utilizzo dei cookies | ANTI-BRUMM\u00ae","isPartOf":{"@id":"https:\/\/www.antibrumm.ch\/#website"},"datePublished":"2022-03-16T12:40:42+00:00","dateModified":"2025-03-28T14:10:05+00:00","description":"Potete leggere l\u2019informativa sulla protezione dei dati e l\u2019utilizzo dei cookie su www.antibrumm.ch.","breadcrumb":{"@id":"https:\/\/www.antibrumm.ch\/it\/cookie-policy\/#breadcrumb"},"inLanguage":"it-IT","potentialAction":[{"@type":"ReadAction","target":["https:\/\/www.antibrumm.ch\/it\/cookie-policy\/"]}]},{"@type":"BreadcrumbList","@id":"https:\/\/www.antibrumm.ch\/it\/cookie-policy\/#breadcrumb","itemListElement":[{"@type":"ListItem","position":1,"name":"Startseite","item":"https:\/\/www.antibrumm.ch\/it\/"},{"@type":"ListItem","position":2,"name":"Cookie Policy"}]},{"@type":"WebSite","@id":"https:\/\/www.antibrumm.ch\/#website","url":"https:\/\/www.antibrumm.ch\/","name":"antibrumm.ch","description":"Just another WordPress site","publisher":{"@id":"https:\/\/www.antibrumm.ch\/#organization"},"potentialAction":[{"@type":"SearchAction","target":{"@type":"EntryPoint","urlTemplate":"https:\/\/www.antibrumm.ch\/?s={search_term_string}"},"query-input":{"@type":"PropertyValueSpecification","valueRequired":true,"valueName":"search_term_string"}}],"inLanguage":"it-IT"},{"@type":"Organization","@id":"https:\/\/www.antibrumm.ch\/#organization","name":"antibrumm.ch","url":"https:\/\/www.antibrumm.ch\/","logo":{"@type":"ImageObject","inLanguage":"it-IT","@id":"https:\/\/www.antibrumm.ch\/#\/schema\/logo\/image\/","url":"https:\/\/www.antibrumm.ch\/wp-content\/uploads\/2026\/03\/20260101_Anti-Brumm-LOGO-CMYK.png","contentUrl":"https:\/\/www.antibrumm.ch\/wp-content\/uploads\/2026\/03\/20260101_Anti-Brumm-LOGO-CMYK.png","width":828,"height":545,"caption":"antibrumm.ch"},"image":{"@id":"https:\/\/www.antibrumm.ch\/#\/schema\/logo\/image\/"}}]}},"taxonomy_info":[],"featured_image_src_large":false,"author_info":{"display_name":"xeomed-tech","author_link":"https:\/\/www.antibrumm.ch\/it\/author\/xeomed-tech\/"},"comment_info":0,"_links":{"self":[{"href":"https:\/\/www.antibrumm.ch\/it\/wp-json\/wp\/v2\/pages\/84","targetHints":{"allow":["GET"]}}],"collection":[{"href":"https:\/\/www.antibrumm.ch\/it\/wp-json\/wp\/v2\/pages"}],"about":[{"href":"https:\/\/www.antibrumm.ch\/it\/wp-json\/wp\/v2\/types\/page"}],"author":[{"embeddable":true,"href":"https:\/\/www.antibrumm.ch\/it\/wp-json\/wp\/v2\/users\/1"}],"replies":[{"embeddable":true,"href":"https:\/\/www.antibrumm.ch\/it\/wp-json\/wp\/v2\/comments?post=84"}],"version-history":[{"count":2,"href":"https:\/\/www.antibrumm.ch\/it\/wp-json\/wp\/v2\/pages\/84\/revisions"}],"predecessor-version":[{"id":13739,"href":"https:\/\/www.antibrumm.ch\/it\/wp-json\/wp\/v2\/pages\/84\/revisions\/13739"}],"wp:attachment":[{"href":"https:\/\/www.antibrumm.ch\/it\/wp-json\/wp\/v2\/media?parent=84"}],"curies":[{"name":"wp","href":"https:\/\/api.w.org\/{rel}","templated":true}]}}