{"id":9195,"date":"2023-03-20T08:19:33","date_gmt":"2023-03-20T08:19:33","guid":{"rendered":"https:\/\/www.antibrumm.ch\/?page_id=9195"},"modified":"2025-03-28T14:11:50","modified_gmt":"2025-03-28T14:11:50","slug":"informations-scientifiques","status":"publish","type":"page","link":"https:\/\/www.antibrumm.ch\/fr\/informations-scientifiques\/","title":{"rendered":"Informations scientifiques"},"content":{"rendered":"<style>.wp-block-kadence-advancedheading.kt-adv-heading9195_f436e7-27, .wp-block-kadence-advancedheading.kt-adv-heading9195_f436e7-27[data-kb-block=\"kb-adv-heading9195_f436e7-27\"]{font-style:normal;}.wp-block-kadence-advancedheading.kt-adv-heading9195_f436e7-27 mark.kt-highlight, .wp-block-kadence-advancedheading.kt-adv-heading9195_f436e7-27[data-kb-block=\"kb-adv-heading9195_f436e7-27\"] mark.kt-highlight{font-style:normal;color:#f76a0c;-webkit-box-decoration-break:clone;box-decoration-break:clone;padding-top:0px;padding-right:0px;padding-bottom:0px;padding-left:0px;}.wp-block-kadence-advancedheading.kt-adv-heading9195_f436e7-27 img.kb-inline-image, .wp-block-kadence-advancedheading.kt-adv-heading9195_f436e7-27[data-kb-block=\"kb-adv-heading9195_f436e7-27\"] img.kb-inline-image{width:150px;vertical-align:baseline;}<\/style>\n<h1 class=\"kt-adv-heading9195_f436e7-27 wp-block-kadence-advancedheading\" data-kb-block=\"kb-adv-heading9195_f436e7-27\">Informations scientifiques<\/h1>\n\n\n\n<p>Cette section s\u2019adresse \u00e0 des sp\u00e9cialistes, notamment des pharmaciens ou des personnes travaillant dans le milieu scientifique. Les \u00e9tudes scientifiques constituant la base d\u2019ANTI-BRUMM\u00ae by Elimax\u00ae peuvent \u00eatre t\u00e9l\u00e9charg\u00e9es ici.<\/p>\n\n\n\n<p>T\u00e9l\u00e9chargements<\/p>\n\n\n\n<ul class=\"wp-block-list\">\n<li><a href=\"\/wp-content\/uploads\/2022\/05\/reference1_0.pdf\" target=\"_blank\" rel=\"noreferrer noopener\">(1a) In vitro dip test: 100% killing efficiency. Nov 2013 \u2013 March 2014 (Oystershell RoA in vitro activity dip test pediculus X9200 (401.88 KB)<\/a><\/li>\n\n\n\n<li><a href=\"\/wp-content\/uploads\/2022\/05\/reference1_1.pdf\" target=\"_blank\" rel=\"noreferrer noopener\">(1b) Clinical trial: 94,1% cure for moderate infestations (Randomized, Controlled, Investigator-Blinded, Comparative Study to Evaluate the Safety and Efficacy of X92001327 versus RID Shampoo in Subjects with Head Lice) (401.88 KB)<\/a><\/li>\n\n\n\n<li><a href=\"\/wp-content\/uploads\/2022\/05\/reference2.pdf\" target=\"_blank\" rel=\"noreferrer noopener\">(2) Lice prevention Factor Test, Statistical Report, Els Adriaens, Aug 2013 (231.26 KB)<\/a><\/li>\n\n\n\n<li><a href=\"\/wp-content\/uploads\/2022\/05\/reference3_0.pdf\" target=\"_blank\" rel=\"noreferrer noopener\">(3) Jennifer Ketzis. 2014. Infestation deterrent effect of X92001483 (Elimax shampoo) against Ischnocera lice on poultry (403.21 KB)<\/a><\/li>\n\n\n\n<li><a href=\"\/wp-content\/uploads\/2022\/05\/reference4.pdf\" target=\"_blank\" rel=\"noreferrer noopener\">(4) Acceptation research lice lotion, VG Sensory, April 2013 (150.54 KB)<\/a><\/li>\n\n\n\n<li><a href=\"\/wp-content\/uploads\/2022\/05\/reference5.pdf\" target=\"_blank\" rel=\"noreferrer noopener\">(5) In vitro efficacy comparison of Elimax to a dimethicone (4%) containing head lice treatment; independent research agency; December 2012 (391.37 KB)<\/a><\/li>\n\n\n\n<li><a href=\"\/wp-content\/uploads\/2022\/05\/clark_2015.pdf\" target=\"_blank\" rel=\"noreferrer noopener\">(6) Ovipositional avoidance thanks to LPF\u2122. 2015. In Vitro and In vivo Evaluation of Infestation Deterrents Against Lice. Yoon, Ketzis, Andrewes, Wu, Honraet, Staljanssens, Rossel, Clark. 2015. (636.81 KB)<\/a><\/li>\n<\/ul>\n","protected":false},"excerpt":{"rendered":"<p>Informations scientifiques Cette section s\u2019adresse \u00e0 des sp\u00e9cialistes, notamment des pharmaciens ou des personnes travaillant dans le milieu scientifique. Les \u00e9tudes scientifiques constituant la base d\u2019ANTI-BRUMM\u00ae by Elimax\u00ae peuvent \u00eatre t\u00e9l\u00e9charg\u00e9es ici. T\u00e9l\u00e9chargements<\/p>\n","protected":false},"author":7,"featured_media":0,"parent":0,"menu_order":0,"comment_status":"closed","ping_status":"closed","template":"","meta":{"_acf_changed":false,"inline_featured_image":false,"_kad_blocks_custom_css":"","_kad_blocks_head_custom_js":"","_kad_blocks_body_custom_js":"","_kad_blocks_footer_custom_js":"","_kad_post_transparent":"","_kad_post_title":"","_kad_post_layout":"","_kad_post_sidebar_id":"","_kad_post_content_style":"","_kad_post_vertical_padding":"","_kad_post_feature":"","_kad_post_feature_position":"","_kad_post_header":false,"_kad_post_footer":false,"_kad_post_classname":"","footnotes":""},"class_list":["post-9195","page","type-page","status-publish","hentry"],"acf":[],"yoast_head":"<!-- This site is optimized with the Yoast SEO plugin v27.1.1 - https:\/\/yoast.com\/product\/yoast-seo-wordpress\/ -->\n<title>Informations scientifiques | ANTI-BRUMM\u00ae<\/title>\n<meta name=\"description\" content=\"Cet espace est d\u00e9di\u00e9 aux personnes expertes, par exemple des pharmaciens ou des membres de la communaut\u00e9 scientifique. Les \u00e9tudes scientifiques sur lesquelles repose ANTI-BRUMM\u00ae by Elimax\u00ae peuvent \u00eatre t\u00e9l\u00e9charg\u00e9es ici.\" \/>\n<meta name=\"robots\" content=\"index, follow, max-snippet:-1, max-image-preview:large, max-video-preview:-1\" \/>\n<link rel=\"canonical\" href=\"https:\/\/www.antibrumm.ch\/fr\/informations-scientifiques\/\" \/>\n<meta property=\"og:locale\" content=\"fr_FR\" \/>\n<meta property=\"og:type\" content=\"article\" \/>\n<meta property=\"og:title\" content=\"Informations scientifiques | ANTI-BRUMM\u00ae\" \/>\n<meta property=\"og:description\" content=\"Cet espace est d\u00e9di\u00e9 aux personnes expertes, par exemple des pharmaciens ou des membres de la communaut\u00e9 scientifique. Les \u00e9tudes scientifiques sur lesquelles repose ANTI-BRUMM\u00ae by Elimax\u00ae peuvent \u00eatre t\u00e9l\u00e9charg\u00e9es ici.\" \/>\n<meta property=\"og:url\" content=\"https:\/\/www.antibrumm.ch\/fr\/informations-scientifiques\/\" \/>\n<meta property=\"og:site_name\" content=\"antibrumm.ch\" \/>\n<meta property=\"article:modified_time\" content=\"2025-03-28T14:11:50+00:00\" \/>\n<meta name=\"twitter:card\" content=\"summary_large_image\" \/>\n<meta name=\"twitter:label1\" content=\"Dur\u00e9e de lecture estim\u00e9e\" \/>\n\t<meta name=\"twitter:data1\" content=\"2 minutes\" \/>\n<script type=\"application\/ld+json\" class=\"yoast-schema-graph\">{\"@context\":\"https:\/\/schema.org\",\"@graph\":[{\"@type\":\"WebPage\",\"@id\":\"https:\/\/www.antibrumm.ch\/fr\/informations-scientifiques\/\",\"url\":\"https:\/\/www.antibrumm.ch\/fr\/informations-scientifiques\/\",\"name\":\"Informations scientifiques | ANTI-BRUMM\u00ae\",\"isPartOf\":{\"@id\":\"https:\/\/www.antibrumm.ch\/#website\"},\"datePublished\":\"2023-03-20T08:19:33+00:00\",\"dateModified\":\"2025-03-28T14:11:50+00:00\",\"description\":\"Cet espace est d\u00e9di\u00e9 aux personnes expertes, par exemple des pharmaciens ou des membres de la communaut\u00e9 scientifique. Les \u00e9tudes scientifiques sur lesquelles repose ANTI-BRUMM\u00ae by Elimax\u00ae peuvent \u00eatre t\u00e9l\u00e9charg\u00e9es ici.\",\"breadcrumb\":{\"@id\":\"https:\/\/www.antibrumm.ch\/fr\/informations-scientifiques\/#breadcrumb\"},\"inLanguage\":\"fr-FR\",\"potentialAction\":[{\"@type\":\"ReadAction\",\"target\":[\"https:\/\/www.antibrumm.ch\/fr\/informations-scientifiques\/\"]}]},{\"@type\":\"BreadcrumbList\",\"@id\":\"https:\/\/www.antibrumm.ch\/fr\/informations-scientifiques\/#breadcrumb\",\"itemListElement\":[{\"@type\":\"ListItem\",\"position\":1,\"name\":\"Startseite\",\"item\":\"https:\/\/www.antibrumm.ch\/fr\/\"},{\"@type\":\"ListItem\",\"position\":2,\"name\":\"Informations scientifiques\"}]},{\"@type\":\"WebSite\",\"@id\":\"https:\/\/www.antibrumm.ch\/#website\",\"url\":\"https:\/\/www.antibrumm.ch\/\",\"name\":\"antibrumm.ch\",\"description\":\"Just another WordPress site\",\"publisher\":{\"@id\":\"https:\/\/www.antibrumm.ch\/#organization\"},\"potentialAction\":[{\"@type\":\"SearchAction\",\"target\":{\"@type\":\"EntryPoint\",\"urlTemplate\":\"https:\/\/www.antibrumm.ch\/?s={search_term_string}\"},\"query-input\":{\"@type\":\"PropertyValueSpecification\",\"valueRequired\":true,\"valueName\":\"search_term_string\"}}],\"inLanguage\":\"fr-FR\"},{\"@type\":\"Organization\",\"@id\":\"https:\/\/www.antibrumm.ch\/#organization\",\"name\":\"antibrumm.ch\",\"url\":\"https:\/\/www.antibrumm.ch\/\",\"logo\":{\"@type\":\"ImageObject\",\"inLanguage\":\"fr-FR\",\"@id\":\"https:\/\/www.antibrumm.ch\/#\/schema\/logo\/image\/\",\"url\":\"https:\/\/www.antibrumm.ch\/wp-content\/uploads\/2026\/03\/20260101_Anti-Brumm-LOGO-CMYK.png\",\"contentUrl\":\"https:\/\/www.antibrumm.ch\/wp-content\/uploads\/2026\/03\/20260101_Anti-Brumm-LOGO-CMYK.png\",\"width\":828,\"height\":545,\"caption\":\"antibrumm.ch\"},\"image\":{\"@id\":\"https:\/\/www.antibrumm.ch\/#\/schema\/logo\/image\/\"}}]}<\/script>\n<!-- \/ Yoast SEO plugin. -->","yoast_head_json":{"title":"Informations scientifiques | ANTI-BRUMM\u00ae","description":"Cet espace est d\u00e9di\u00e9 aux personnes expertes, par exemple des pharmaciens ou des membres de la communaut\u00e9 scientifique. Les \u00e9tudes scientifiques sur lesquelles repose ANTI-BRUMM\u00ae by Elimax\u00ae peuvent \u00eatre t\u00e9l\u00e9charg\u00e9es ici.","robots":{"index":"index","follow":"follow","max-snippet":"max-snippet:-1","max-image-preview":"max-image-preview:large","max-video-preview":"max-video-preview:-1"},"canonical":"https:\/\/www.antibrumm.ch\/fr\/informations-scientifiques\/","og_locale":"fr_FR","og_type":"article","og_title":"Informations scientifiques | ANTI-BRUMM\u00ae","og_description":"Cet espace est d\u00e9di\u00e9 aux personnes expertes, par exemple des pharmaciens ou des membres de la communaut\u00e9 scientifique. Les \u00e9tudes scientifiques sur lesquelles repose ANTI-BRUMM\u00ae by Elimax\u00ae peuvent \u00eatre t\u00e9l\u00e9charg\u00e9es ici.","og_url":"https:\/\/www.antibrumm.ch\/fr\/informations-scientifiques\/","og_site_name":"antibrumm.ch","article_modified_time":"2025-03-28T14:11:50+00:00","twitter_card":"summary_large_image","twitter_misc":{"Dur\u00e9e de lecture estim\u00e9e":"2 minutes"},"schema":{"@context":"https:\/\/schema.org","@graph":[{"@type":"WebPage","@id":"https:\/\/www.antibrumm.ch\/fr\/informations-scientifiques\/","url":"https:\/\/www.antibrumm.ch\/fr\/informations-scientifiques\/","name":"Informations scientifiques | ANTI-BRUMM\u00ae","isPartOf":{"@id":"https:\/\/www.antibrumm.ch\/#website"},"datePublished":"2023-03-20T08:19:33+00:00","dateModified":"2025-03-28T14:11:50+00:00","description":"Cet espace est d\u00e9di\u00e9 aux personnes expertes, par exemple des pharmaciens ou des membres de la communaut\u00e9 scientifique. Les \u00e9tudes scientifiques sur lesquelles repose ANTI-BRUMM\u00ae by Elimax\u00ae peuvent \u00eatre t\u00e9l\u00e9charg\u00e9es ici.","breadcrumb":{"@id":"https:\/\/www.antibrumm.ch\/fr\/informations-scientifiques\/#breadcrumb"},"inLanguage":"fr-FR","potentialAction":[{"@type":"ReadAction","target":["https:\/\/www.antibrumm.ch\/fr\/informations-scientifiques\/"]}]},{"@type":"BreadcrumbList","@id":"https:\/\/www.antibrumm.ch\/fr\/informations-scientifiques\/#breadcrumb","itemListElement":[{"@type":"ListItem","position":1,"name":"Startseite","item":"https:\/\/www.antibrumm.ch\/fr\/"},{"@type":"ListItem","position":2,"name":"Informations scientifiques"}]},{"@type":"WebSite","@id":"https:\/\/www.antibrumm.ch\/#website","url":"https:\/\/www.antibrumm.ch\/","name":"antibrumm.ch","description":"Just another WordPress site","publisher":{"@id":"https:\/\/www.antibrumm.ch\/#organization"},"potentialAction":[{"@type":"SearchAction","target":{"@type":"EntryPoint","urlTemplate":"https:\/\/www.antibrumm.ch\/?s={search_term_string}"},"query-input":{"@type":"PropertyValueSpecification","valueRequired":true,"valueName":"search_term_string"}}],"inLanguage":"fr-FR"},{"@type":"Organization","@id":"https:\/\/www.antibrumm.ch\/#organization","name":"antibrumm.ch","url":"https:\/\/www.antibrumm.ch\/","logo":{"@type":"ImageObject","inLanguage":"fr-FR","@id":"https:\/\/www.antibrumm.ch\/#\/schema\/logo\/image\/","url":"https:\/\/www.antibrumm.ch\/wp-content\/uploads\/2026\/03\/20260101_Anti-Brumm-LOGO-CMYK.png","contentUrl":"https:\/\/www.antibrumm.ch\/wp-content\/uploads\/2026\/03\/20260101_Anti-Brumm-LOGO-CMYK.png","width":828,"height":545,"caption":"antibrumm.ch"},"image":{"@id":"https:\/\/www.antibrumm.ch\/#\/schema\/logo\/image\/"}}]}},"taxonomy_info":[],"featured_image_src_large":false,"author_info":{"display_name":"Andreas","author_link":"https:\/\/www.antibrumm.ch\/fr\/author\/ageiberttreehighroots-de\/"},"comment_info":0,"_links":{"self":[{"href":"https:\/\/www.antibrumm.ch\/fr\/wp-json\/wp\/v2\/pages\/9195","targetHints":{"allow":["GET"]}}],"collection":[{"href":"https:\/\/www.antibrumm.ch\/fr\/wp-json\/wp\/v2\/pages"}],"about":[{"href":"https:\/\/www.antibrumm.ch\/fr\/wp-json\/wp\/v2\/types\/page"}],"author":[{"embeddable":true,"href":"https:\/\/www.antibrumm.ch\/fr\/wp-json\/wp\/v2\/users\/7"}],"replies":[{"embeddable":true,"href":"https:\/\/www.antibrumm.ch\/fr\/wp-json\/wp\/v2\/comments?post=9195"}],"version-history":[{"count":5,"href":"https:\/\/www.antibrumm.ch\/fr\/wp-json\/wp\/v2\/pages\/9195\/revisions"}],"predecessor-version":[{"id":13743,"href":"https:\/\/www.antibrumm.ch\/fr\/wp-json\/wp\/v2\/pages\/9195\/revisions\/13743"}],"wp:attachment":[{"href":"https:\/\/www.antibrumm.ch\/fr\/wp-json\/wp\/v2\/media?parent=9195"}],"curies":[{"name":"wp","href":"https:\/\/api.w.org\/{rel}","templated":true}]}}